{"id":660,"date":"2023-05-07T16:28:10","date_gmt":"2023-05-07T16:28:10","guid":{"rendered":"https:\/\/www.rachelartlv.com\/?post_type=product&#038;p=660"},"modified":"2023-05-17T07:58:01","modified_gmt":"2023-05-17T07:58:01","slug":"voyage-de-reve-acrylique-70-70-cm","status":"publish","type":"product","link":"https:\/\/www.rachelartlv.com\/fr\/produit\/voyage-de-reve-acrylique-70-70-cm\/","title":{"rendered":"Voyage de r\u00eave Acrylique 70 * 70 cm"},"content":{"rendered":"<p>Dream Journey\" est une peinture qui emm\u00e8ne le spectateur dans un d\u00e9licieux voyage \u00e0 travers les paysages aux couleurs douces et vibrantes du Japon. L'artiste a habilement captur\u00e9 l'essence de la joie insouciante et de la jeunesse, avec un sentiment de libert\u00e9 et de bonheur. La peinture pr\u00e9sente la beaut\u00e9 \u00e9poustouflante des cerisiers japonais en pleine floraison, qui sont magistralement rendus dans un style impressionniste. Le jeu de la lumi\u00e8re et des couleurs cr\u00e9e une atmosph\u00e8re magique, plongeant le spectateur dans un \u00e9tat onirique d'\u00e9merveillement et de tranquillit\u00e9. Cette \u0153uvre d'art est une v\u00e9ritable c\u00e9l\u00e9bration de la vie et de la beaut\u00e9 de la nature, r\u00e9alis\u00e9e de mani\u00e8re experte gr\u00e2ce \u00e0 l'habilet\u00e9 du coup de pinceau et \u00e0 la vision artistique de l'artiste.<\/p>\n<p>&nbsp;<\/p>\n<p style=\"font-size: 24px;\">Veuillez noter que l'ensemble du contenu de ce site web est prot\u00e9g\u00e9 par la loi sur les droits d'auteur. L'utilisation non autoris\u00e9e ou la duplication de tout mat\u00e9riel sans l'autorisation expresse et \u00e9crite du propri\u00e9taire est strictement interdite et peut donner lieu \u00e0 des poursuites judiciaires.<\/p>\n<div id=\"gtx-trans\" style=\"position: absolute; left: 483px; top: 230px;\">\n<div class=\"gtx-trans-icon\"><\/div>\n<\/div>","protected":false},"excerpt":{"rendered":"<p>Dream Journey\" est une peinture qui emm\u00e8ne le spectateur dans un d\u00e9licieux voyage \u00e0 travers les paysages aux couleurs douces et vibrantes du Japon. L'artiste a habilement captur\u00e9 l'essence de la joie insouciante et de la jeunesse, avec un sentiment de libert\u00e9 et de bonheur. La peinture pr\u00e9sente la beaut\u00e9 \u00e9poustouflante des cerisiers japonais en pleine floraison, qui sont magistralement rendus dans un style impressionniste. Le jeu de la lumi\u00e8re et des couleurs cr\u00e9e une atmosph\u00e8re magique, plongeant le spectateur dans un \u00e9tat onirique d'\u00e9merveillement et de tranquillit\u00e9. Cette \u0153uvre d'art est une v\u00e9ritable c\u00e9l\u00e9bration de la vie et de la beaut\u00e9 de la nature, r\u00e9alis\u00e9e de mani\u00e8re experte gr\u00e2ce \u00e0 l'habilet\u00e9 du coup de pinceau et \u00e0 la vision artistique de l'artiste.<\/p>\n<p>&nbsp;<\/p>\n<p style=\"font-size: 24px;\">Veuillez noter que l'ensemble du contenu de ce site web est prot\u00e9g\u00e9 par la loi sur les droits d'auteur. L'utilisation non autoris\u00e9e ou la duplication de tout mat\u00e9riel sans l'autorisation expresse et \u00e9crite du propri\u00e9taire est strictement interdite et peut donner lieu \u00e0 des poursuites judiciaires.<\/p>\n<div id=\"gtx-trans\" style=\"position: absolute; left: 194px; top: 128px;\">\n<div class=\"gtx-trans-icon\"><\/div>\n<\/div>","protected":false},"featured_media":661,"comment_status":"open","ping_status":"closed","template":"","meta":[],"product_brand":[],"product_cat":[20],"product_tag":[],"class_list":{"0":"post-660","1":"product","2":"type-product","3":"status-publish","4":"has-post-thumbnail","6":"product_cat-painting","8":"first","9":"instock","10":"shipping-taxable","11":"purchasable","12":"product-type-simple"},"yoast_head":"<!-- This site is optimized with the Yoast SEO plugin v27.4 - https:\/\/yoast.com\/product\/yoast-seo-wordpress\/ -->\n<title>Dream Journey Acrylic 70 * 70 cm - Rachel art Gallery Tel Aviv<\/title>\n<meta name=\"description\" content=\"Experience the joyous journey through vibrant Japanese landscapes and blooming cherry blossoms in &quot;Dream Journey.&quot; A celebration of life and nature&#039;s beauty, skillfully crafted with impressionistic brushwork and magical ambiance.\" \/>\n<meta name=\"robots\" content=\"index, follow, max-snippet:-1, max-image-preview:large, max-video-preview:-1\" \/>\n<link rel=\"canonical\" href=\"https:\/\/www.rachelartlv.com\/fr\/produit\/voyage-de-reve-acrylique-70-70-cm\/\" \/>\n<meta property=\"og:locale\" content=\"fr_FR\" \/>\n<meta property=\"og:type\" content=\"article\" \/>\n<meta property=\"og:title\" content=\"Dream Journey Acrylic 70 * 70 cm - Rachel art Gallery Tel Aviv\" \/>\n<meta property=\"og:description\" content=\"Experience the joyous journey through vibrant Japanese landscapes and blooming cherry blossoms in &quot;Dream Journey.&quot; A celebration of life and nature&#039;s beauty, skillfully crafted with impressionistic brushwork and magical ambiance.\" \/>\n<meta property=\"og:url\" content=\"https:\/\/www.rachelartlv.com\/fr\/produit\/voyage-de-reve-acrylique-70-70-cm\/\" \/>\n<meta property=\"og:site_name\" content=\"Rachel art Gallery Tel Aviv\" \/>\n<meta property=\"article:modified_time\" content=\"2023-05-17T07:58:01+00:00\" \/>\n<meta property=\"og:image\" content=\"https:\/\/www.rachelartlv.com\/wp-content\/uploads\/2023\/05\/16-DREAM-JOURNEY-ACRYLIC-70-70.jpg\" \/>\n\t<meta property=\"og:image:width\" content=\"1024\" \/>\n\t<meta property=\"og:image:height\" content=\"1016\" \/>\n\t<meta property=\"og:image:type\" content=\"image\/jpeg\" \/>\n<meta name=\"twitter:card\" content=\"summary_large_image\" \/>\n<meta name=\"twitter:label1\" content=\"Dur\u00e9e de lecture estim\u00e9e\" \/>\n\t<meta name=\"twitter:data1\" content=\"1 minute\" \/>\n<script type=\"application\/ld+json\" class=\"yoast-schema-graph\">{\"@context\":\"https:\\\/\\\/schema.org\",\"@graph\":[{\"@type\":\"WebPage\",\"@id\":\"https:\\\/\\\/www.rachelartlv.com\\\/product\\\/dream-journey-acrylic-70-70-cm\\\/\",\"url\":\"https:\\\/\\\/www.rachelartlv.com\\\/product\\\/dream-journey-acrylic-70-70-cm\\\/\",\"name\":\"Dream Journey Acrylic 70 * 70 cm - Rachel art Gallery Tel Aviv\",\"isPartOf\":{\"@id\":\"https:\\\/\\\/www.rachelartlv.com\\\/#website\"},\"primaryImageOfPage\":{\"@id\":\"https:\\\/\\\/www.rachelartlv.com\\\/product\\\/dream-journey-acrylic-70-70-cm\\\/#primaryimage\"},\"image\":{\"@id\":\"https:\\\/\\\/www.rachelartlv.com\\\/product\\\/dream-journey-acrylic-70-70-cm\\\/#primaryimage\"},\"thumbnailUrl\":\"https:\\\/\\\/www.rachelartlv.com\\\/wp-content\\\/uploads\\\/2023\\\/05\\\/16-DREAM-JOURNEY-ACRYLIC-70-70.jpg\",\"datePublished\":\"2023-05-07T16:28:10+00:00\",\"dateModified\":\"2023-05-17T07:58:01+00:00\",\"description\":\"Experience the joyous journey through vibrant Japanese landscapes and blooming cherry blossoms in \\\"Dream Journey.\\\" A celebration of life and nature's beauty, skillfully crafted with impressionistic brushwork and magical ambiance.\",\"breadcrumb\":{\"@id\":\"https:\\\/\\\/www.rachelartlv.com\\\/product\\\/dream-journey-acrylic-70-70-cm\\\/#breadcrumb\"},\"inLanguage\":\"fr-FR\",\"potentialAction\":[{\"@type\":\"ReadAction\",\"target\":[\"https:\\\/\\\/www.rachelartlv.com\\\/product\\\/dream-journey-acrylic-70-70-cm\\\/\"]}]},{\"@type\":\"ImageObject\",\"inLanguage\":\"fr-FR\",\"@id\":\"https:\\\/\\\/www.rachelartlv.com\\\/product\\\/dream-journey-acrylic-70-70-cm\\\/#primaryimage\",\"url\":\"https:\\\/\\\/www.rachelartlv.com\\\/wp-content\\\/uploads\\\/2023\\\/05\\\/16-DREAM-JOURNEY-ACRYLIC-70-70.jpg\",\"contentUrl\":\"https:\\\/\\\/www.rachelartlv.com\\\/wp-content\\\/uploads\\\/2023\\\/05\\\/16-DREAM-JOURNEY-ACRYLIC-70-70.jpg\",\"width\":1024,\"height\":1016},{\"@type\":\"BreadcrumbList\",\"@id\":\"https:\\\/\\\/www.rachelartlv.com\\\/product\\\/dream-journey-acrylic-70-70-cm\\\/#breadcrumb\",\"itemListElement\":[{\"@type\":\"ListItem\",\"position\":1,\"name\":\"Home\",\"item\":\"https:\\\/\\\/www.rachelartlv.com\\\/\"},{\"@type\":\"ListItem\",\"position\":2,\"name\":\"Products\",\"item\":\"https:\\\/\\\/www.rachelartlv.com\\\/shop\\\/\"},{\"@type\":\"ListItem\",\"position\":3,\"name\":\"Dream Journey Acrylic 70 * 70 cm\"}]},{\"@type\":\"WebSite\",\"@id\":\"https:\\\/\\\/www.rachelartlv.com\\\/#website\",\"url\":\"https:\\\/\\\/www.rachelartlv.com\\\/\",\"name\":\"Rachel art Gallery Tel Aviv\",\"description\":\"Express my emotions through colors\",\"publisher\":{\"@id\":\"https:\\\/\\\/www.rachelartlv.com\\\/#organization\"},\"alternateName\":\"Martine Rachel OVADIA Tel Aviv\",\"potentialAction\":[{\"@type\":\"SearchAction\",\"target\":{\"@type\":\"EntryPoint\",\"urlTemplate\":\"https:\\\/\\\/www.rachelartlv.com\\\/?s={search_term_string}\"},\"query-input\":{\"@type\":\"PropertyValueSpecification\",\"valueRequired\":true,\"valueName\":\"search_term_string\"}}],\"inLanguage\":\"fr-FR\"},{\"@type\":\"Organization\",\"@id\":\"https:\\\/\\\/www.rachelartlv.com\\\/#organization\",\"name\":\"Martine Rachel Ovadia Art Gallery Tel Aviv\",\"alternateName\":\"Art Gallery Tel Aviv Obadia\",\"url\":\"https:\\\/\\\/www.rachelartlv.com\\\/\",\"logo\":{\"@type\":\"ImageObject\",\"inLanguage\":\"fr-FR\",\"@id\":\"https:\\\/\\\/www.rachelartlv.com\\\/#\\\/schema\\\/logo\\\/image\\\/\",\"url\":\"https:\\\/\\\/www.rachelartlv.com\\\/wp-content\\\/uploads\\\/2023\\\/01\\\/\u05e8\u05d7\u05dc-1-1.png\",\"contentUrl\":\"https:\\\/\\\/www.rachelartlv.com\\\/wp-content\\\/uploads\\\/2023\\\/01\\\/\u05e8\u05d7\u05dc-1-1.png\",\"width\":132,\"height\":104,\"caption\":\"Martine Rachel Ovadia Art Gallery Tel Aviv\"},\"image\":{\"@id\":\"https:\\\/\\\/www.rachelartlv.com\\\/#\\\/schema\\\/logo\\\/image\\\/\"}}]}<\/script>\n<!-- \/ Yoast SEO plugin. -->","yoast_head_json":{"title":"Voyage de r\u00eave Acrylique 70 * 70 cm - Rachel art Gallery Tel Aviv","description":"Faites l'exp\u00e9rience d'un voyage joyeux \u00e0 travers de vibrants paysages japonais et des cerisiers en fleurs dans \"Dream Journey\". Une c\u00e9l\u00e9bration de la vie et de la beaut\u00e9 de la nature, habilement r\u00e9alis\u00e9e avec un pinceau impressionniste et une ambiance magique.","robots":{"index":"index","follow":"follow","max-snippet":"max-snippet:-1","max-image-preview":"max-image-preview:large","max-video-preview":"max-video-preview:-1"},"canonical":"https:\/\/www.rachelartlv.com\/fr\/produit\/voyage-de-reve-acrylique-70-70-cm\/","og_locale":"fr_FR","og_type":"article","og_title":"Dream Journey Acrylic 70 * 70 cm - Rachel art Gallery Tel Aviv","og_description":"Experience the joyous journey through vibrant Japanese landscapes and blooming cherry blossoms in \"Dream Journey.\" A celebration of life and nature's beauty, skillfully crafted with impressionistic brushwork and magical ambiance.","og_url":"https:\/\/www.rachelartlv.com\/fr\/produit\/voyage-de-reve-acrylique-70-70-cm\/","og_site_name":"Rachel art Gallery Tel Aviv","article_modified_time":"2023-05-17T07:58:01+00:00","og_image":[{"width":1024,"height":1016,"url":"https:\/\/www.rachelartlv.com\/wp-content\/uploads\/2023\/05\/16-DREAM-JOURNEY-ACRYLIC-70-70.jpg","type":"image\/jpeg"}],"twitter_card":"summary_large_image","twitter_misc":{"Dur\u00e9e de lecture estim\u00e9e":"1 minute"},"schema":{"@context":"https:\/\/schema.org","@graph":[{"@type":"WebPage","@id":"https:\/\/www.rachelartlv.com\/product\/dream-journey-acrylic-70-70-cm\/","url":"https:\/\/www.rachelartlv.com\/product\/dream-journey-acrylic-70-70-cm\/","name":"Voyage de r\u00eave Acrylique 70 * 70 cm - Rachel art Gallery Tel Aviv","isPartOf":{"@id":"https:\/\/www.rachelartlv.com\/#website"},"primaryImageOfPage":{"@id":"https:\/\/www.rachelartlv.com\/product\/dream-journey-acrylic-70-70-cm\/#primaryimage"},"image":{"@id":"https:\/\/www.rachelartlv.com\/product\/dream-journey-acrylic-70-70-cm\/#primaryimage"},"thumbnailUrl":"https:\/\/www.rachelartlv.com\/wp-content\/uploads\/2023\/05\/16-DREAM-JOURNEY-ACRYLIC-70-70.jpg","datePublished":"2023-05-07T16:28:10+00:00","dateModified":"2023-05-17T07:58:01+00:00","description":"Faites l'exp\u00e9rience d'un voyage joyeux \u00e0 travers de vibrants paysages japonais et des cerisiers en fleurs dans \"Dream Journey\". Une c\u00e9l\u00e9bration de la vie et de la beaut\u00e9 de la nature, habilement r\u00e9alis\u00e9e avec un pinceau impressionniste et une ambiance magique.","breadcrumb":{"@id":"https:\/\/www.rachelartlv.com\/product\/dream-journey-acrylic-70-70-cm\/#breadcrumb"},"inLanguage":"fr-FR","potentialAction":[{"@type":"ReadAction","target":["https:\/\/www.rachelartlv.com\/product\/dream-journey-acrylic-70-70-cm\/"]}]},{"@type":"ImageObject","inLanguage":"fr-FR","@id":"https:\/\/www.rachelartlv.com\/product\/dream-journey-acrylic-70-70-cm\/#primaryimage","url":"https:\/\/www.rachelartlv.com\/wp-content\/uploads\/2023\/05\/16-DREAM-JOURNEY-ACRYLIC-70-70.jpg","contentUrl":"https:\/\/www.rachelartlv.com\/wp-content\/uploads\/2023\/05\/16-DREAM-JOURNEY-ACRYLIC-70-70.jpg","width":1024,"height":1016},{"@type":"BreadcrumbList","@id":"https:\/\/www.rachelartlv.com\/product\/dream-journey-acrylic-70-70-cm\/#breadcrumb","itemListElement":[{"@type":"ListItem","position":1,"name":"Home","item":"https:\/\/www.rachelartlv.com\/"},{"@type":"ListItem","position":2,"name":"Products","item":"https:\/\/www.rachelartlv.com\/shop\/"},{"@type":"ListItem","position":3,"name":"Dream Journey Acrylic 70 * 70 cm"}]},{"@type":"WebSite","@id":"https:\/\/www.rachelartlv.com\/#website","url":"https:\/\/www.rachelartlv.com\/","name":"Galerie d'art Rachel Tel Aviv","description":"Exprimer mes \u00e9motions par les couleurs","publisher":{"@id":"https:\/\/www.rachelartlv.com\/#organization"},"alternateName":"Martine Rachel OVADIA Tel Aviv","potentialAction":[{"@type":"SearchAction","target":{"@type":"EntryPoint","urlTemplate":"https:\/\/www.rachelartlv.com\/?s={search_term_string}"},"query-input":{"@type":"PropertyValueSpecification","valueRequired":true,"valueName":"search_term_string"}}],"inLanguage":"fr-FR"},{"@type":"Organization","@id":"https:\/\/www.rachelartlv.com\/#organization","name":"Galerie d'art Martine Rachel Ovadia Tel Aviv","alternateName":"Art Gallery Tel Aviv Obadia","url":"https:\/\/www.rachelartlv.com\/","logo":{"@type":"ImageObject","inLanguage":"fr-FR","@id":"https:\/\/www.rachelartlv.com\/#\/schema\/logo\/image\/","url":"https:\/\/www.rachelartlv.com\/wp-content\/uploads\/2023\/01\/\u05e8\u05d7\u05dc-1-1.png","contentUrl":"https:\/\/www.rachelartlv.com\/wp-content\/uploads\/2023\/01\/\u05e8\u05d7\u05dc-1-1.png","width":132,"height":104,"caption":"Martine Rachel Ovadia Art Gallery Tel Aviv"},"image":{"@id":"https:\/\/www.rachelartlv.com\/#\/schema\/logo\/image\/"}}]}},"_links":{"self":[{"href":"https:\/\/www.rachelartlv.com\/fr\/wp-json\/wp\/v2\/product\/660","targetHints":{"allow":["GET"]}}],"collection":[{"href":"https:\/\/www.rachelartlv.com\/fr\/wp-json\/wp\/v2\/product"}],"about":[{"href":"https:\/\/www.rachelartlv.com\/fr\/wp-json\/wp\/v2\/types\/product"}],"replies":[{"embeddable":true,"href":"https:\/\/www.rachelartlv.com\/fr\/wp-json\/wp\/v2\/comments?post=660"}],"wp:featuredmedia":[{"embeddable":true,"href":"https:\/\/www.rachelartlv.com\/fr\/wp-json\/wp\/v2\/media\/661"}],"wp:attachment":[{"href":"https:\/\/www.rachelartlv.com\/fr\/wp-json\/wp\/v2\/media?parent=660"}],"wp:term":[{"taxonomy":"product_brand","embeddable":true,"href":"https:\/\/www.rachelartlv.com\/fr\/wp-json\/wp\/v2\/product_brand?post=660"},{"taxonomy":"product_cat","embeddable":true,"href":"https:\/\/www.rachelartlv.com\/fr\/wp-json\/wp\/v2\/product_cat?post=660"},{"taxonomy":"product_tag","embeddable":true,"href":"https:\/\/www.rachelartlv.com\/fr\/wp-json\/wp\/v2\/product_tag?post=660"}],"curies":[{"name":"wp","href":"https:\/\/api.w.org\/{rel}","templated":true}]}}