{"id":1289,"date":"2023-05-19T10:48:02","date_gmt":"2023-05-19T10:48:02","guid":{"rendered":"https:\/\/www.rachelartlv.com\/?post_type=product&#038;p=1289"},"modified":"2023-05-21T11:51:32","modified_gmt":"2023-05-21T11:51:32","slug":"bleu-nude-mix-media-60-70-cm","status":"publish","type":"product","link":"https:\/\/www.rachelartlv.com\/fr\/produit\/bleu-nude-mix-media-60-70-cm\/","title":{"rendered":"Bleu Nude Mix Media 60 * 70 cm"},"content":{"rendered":"<p>\"Blue Nude\" est une \u0153uvre d'art semi-abstraite repr\u00e9sentant le buste d'une femme en bleu dans une atmosph\u00e8re sensuelle, \u00e9voquant la f\u00e9minit\u00e9 et la beaut\u00e9 des formes f\u00e9minines, avec des touches de couleur dor\u00e9e ajoutant une impression de richesse et de noblesse.<\/p>\n<h3 style=\"font-size: 24px;\">Veuillez noter que l'ensemble du contenu de ce site web est prot\u00e9g\u00e9 par la loi sur les droits d'auteur. L'utilisation non autoris\u00e9e ou la duplication de tout mat\u00e9riel sans l'autorisation expresse et \u00e9crite du propri\u00e9taire est strictement interdite et peut donner lieu \u00e0 des poursuites judiciaires.<\/h3>\n<div id=\"gtx-trans\" style=\"position: absolute; left: 203px; top: 72px;\">\n<div class=\"gtx-trans-icon\"><\/div>\n<\/div>","protected":false},"excerpt":{"rendered":"<p>\"Blue Nude\" est une \u0153uvre d'art semi-abstraite repr\u00e9sentant le buste d'une femme en bleu dans une atmosph\u00e8re sensuelle, \u00e9voquant la f\u00e9minit\u00e9 et la beaut\u00e9 des formes f\u00e9minines, avec des touches de couleur dor\u00e9e ajoutant une impression de richesse et de noblesse.<\/p>\n<div id=\"gtx-trans\" style=\"position: absolute; left: -30px; top: -9px;\">\n<div class=\"gtx-trans-icon\"><\/div>\n<\/div>","protected":false},"featured_media":1291,"comment_status":"open","ping_status":"closed","template":"","meta":[],"product_brand":[],"product_cat":[20],"product_tag":[],"class_list":{"0":"post-1289","1":"product","2":"type-product","3":"status-publish","4":"has-post-thumbnail","6":"product_cat-painting","8":"first","9":"instock","10":"shipping-taxable","11":"purchasable","12":"product-type-simple"},"yoast_head":"<!-- This site is optimized with the Yoast SEO plugin v27.4 - https:\/\/yoast.com\/product\/yoast-seo-wordpress\/ -->\n<title>Blue Nude Mix Media 60 * 70 cm - Rachel art Gallery Tel Aviv<\/title>\n<meta name=\"description\" content=\"&quot;Blue Nude&quot; is a semi-abstract artwork depicting the bust of a woman in blue in a sensual atmosphere,\" \/>\n<meta name=\"robots\" content=\"index, follow, max-snippet:-1, max-image-preview:large, max-video-preview:-1\" \/>\n<link rel=\"canonical\" href=\"https:\/\/www.rachelartlv.com\/fr\/produit\/bleu-nude-mix-media-60-70-cm\/\" \/>\n<meta property=\"og:locale\" content=\"fr_FR\" \/>\n<meta property=\"og:type\" content=\"article\" \/>\n<meta property=\"og:title\" content=\"Blue Nude Mix Media 60 * 70 cm - Rachel art Gallery Tel Aviv\" \/>\n<meta property=\"og:description\" content=\"&quot;Blue Nude&quot; is a semi-abstract artwork depicting the bust of a woman in blue in a sensual atmosphere,\" \/>\n<meta property=\"og:url\" content=\"https:\/\/www.rachelartlv.com\/fr\/produit\/bleu-nude-mix-media-60-70-cm\/\" \/>\n<meta property=\"og:site_name\" content=\"Rachel art Gallery Tel Aviv\" \/>\n<meta property=\"article:modified_time\" content=\"2023-05-21T11:51:32+00:00\" \/>\n<meta property=\"og:image\" content=\"https:\/\/www.rachelartlv.com\/wp-content\/uploads\/2023\/05\/8-BLUE-NUDE-MIX-MEDIA-60-70.jpg\" \/>\n\t<meta property=\"og:image:width\" content=\"1024\" \/>\n\t<meta property=\"og:image:height\" content=\"1180\" \/>\n\t<meta property=\"og:image:type\" content=\"image\/jpeg\" \/>\n<meta name=\"twitter:card\" content=\"summary_large_image\" \/>\n<meta name=\"twitter:label1\" content=\"Dur\u00e9e de lecture estim\u00e9e\" \/>\n\t<meta name=\"twitter:data1\" content=\"1 minute\" \/>\n<script type=\"application\/ld+json\" class=\"yoast-schema-graph\">{\"@context\":\"https:\\\/\\\/schema.org\",\"@graph\":[{\"@type\":\"WebPage\",\"@id\":\"https:\\\/\\\/www.rachelartlv.com\\\/product\\\/blue-nude-mix-media-60-70-cm\\\/\",\"url\":\"https:\\\/\\\/www.rachelartlv.com\\\/product\\\/blue-nude-mix-media-60-70-cm\\\/\",\"name\":\"Blue Nude Mix Media 60 * 70 cm - Rachel art Gallery Tel Aviv\",\"isPartOf\":{\"@id\":\"https:\\\/\\\/www.rachelartlv.com\\\/#website\"},\"primaryImageOfPage\":{\"@id\":\"https:\\\/\\\/www.rachelartlv.com\\\/product\\\/blue-nude-mix-media-60-70-cm\\\/#primaryimage\"},\"image\":{\"@id\":\"https:\\\/\\\/www.rachelartlv.com\\\/product\\\/blue-nude-mix-media-60-70-cm\\\/#primaryimage\"},\"thumbnailUrl\":\"https:\\\/\\\/www.rachelartlv.com\\\/wp-content\\\/uploads\\\/2023\\\/05\\\/8-BLUE-NUDE-MIX-MEDIA-60-70.jpg\",\"datePublished\":\"2023-05-19T10:48:02+00:00\",\"dateModified\":\"2023-05-21T11:51:32+00:00\",\"description\":\"\\\"Blue Nude\\\" is a semi-abstract artwork depicting the bust of a woman in blue in a sensual atmosphere,\",\"breadcrumb\":{\"@id\":\"https:\\\/\\\/www.rachelartlv.com\\\/product\\\/blue-nude-mix-media-60-70-cm\\\/#breadcrumb\"},\"inLanguage\":\"fr-FR\",\"potentialAction\":[{\"@type\":\"ReadAction\",\"target\":[\"https:\\\/\\\/www.rachelartlv.com\\\/product\\\/blue-nude-mix-media-60-70-cm\\\/\"]}]},{\"@type\":\"ImageObject\",\"inLanguage\":\"fr-FR\",\"@id\":\"https:\\\/\\\/www.rachelartlv.com\\\/product\\\/blue-nude-mix-media-60-70-cm\\\/#primaryimage\",\"url\":\"https:\\\/\\\/www.rachelartlv.com\\\/wp-content\\\/uploads\\\/2023\\\/05\\\/8-BLUE-NUDE-MIX-MEDIA-60-70.jpg\",\"contentUrl\":\"https:\\\/\\\/www.rachelartlv.com\\\/wp-content\\\/uploads\\\/2023\\\/05\\\/8-BLUE-NUDE-MIX-MEDIA-60-70.jpg\",\"width\":1024,\"height\":1180,\"caption\":\"8 BLUE NUDE MIX MEDIA 60 70\"},{\"@type\":\"BreadcrumbList\",\"@id\":\"https:\\\/\\\/www.rachelartlv.com\\\/product\\\/blue-nude-mix-media-60-70-cm\\\/#breadcrumb\",\"itemListElement\":[{\"@type\":\"ListItem\",\"position\":1,\"name\":\"Home\",\"item\":\"https:\\\/\\\/www.rachelartlv.com\\\/\"},{\"@type\":\"ListItem\",\"position\":2,\"name\":\"Products\",\"item\":\"https:\\\/\\\/www.rachelartlv.com\\\/shop\\\/\"},{\"@type\":\"ListItem\",\"position\":3,\"name\":\"Blue Nude Mix Media 60 * 70 cm\"}]},{\"@type\":\"WebSite\",\"@id\":\"https:\\\/\\\/www.rachelartlv.com\\\/#website\",\"url\":\"https:\\\/\\\/www.rachelartlv.com\\\/\",\"name\":\"Rachel art Gallery Tel Aviv\",\"description\":\"Express my emotions through colors\",\"publisher\":{\"@id\":\"https:\\\/\\\/www.rachelartlv.com\\\/#organization\"},\"alternateName\":\"Martine Rachel OVADIA Tel Aviv\",\"potentialAction\":[{\"@type\":\"SearchAction\",\"target\":{\"@type\":\"EntryPoint\",\"urlTemplate\":\"https:\\\/\\\/www.rachelartlv.com\\\/?s={search_term_string}\"},\"query-input\":{\"@type\":\"PropertyValueSpecification\",\"valueRequired\":true,\"valueName\":\"search_term_string\"}}],\"inLanguage\":\"fr-FR\"},{\"@type\":\"Organization\",\"@id\":\"https:\\\/\\\/www.rachelartlv.com\\\/#organization\",\"name\":\"Martine Rachel Ovadia Art Gallery Tel Aviv\",\"alternateName\":\"Art Gallery Tel Aviv Obadia\",\"url\":\"https:\\\/\\\/www.rachelartlv.com\\\/\",\"logo\":{\"@type\":\"ImageObject\",\"inLanguage\":\"fr-FR\",\"@id\":\"https:\\\/\\\/www.rachelartlv.com\\\/#\\\/schema\\\/logo\\\/image\\\/\",\"url\":\"https:\\\/\\\/www.rachelartlv.com\\\/wp-content\\\/uploads\\\/2023\\\/01\\\/\u05e8\u05d7\u05dc-1-1.png\",\"contentUrl\":\"https:\\\/\\\/www.rachelartlv.com\\\/wp-content\\\/uploads\\\/2023\\\/01\\\/\u05e8\u05d7\u05dc-1-1.png\",\"width\":132,\"height\":104,\"caption\":\"Martine Rachel Ovadia Art Gallery Tel Aviv\"},\"image\":{\"@id\":\"https:\\\/\\\/www.rachelartlv.com\\\/#\\\/schema\\\/logo\\\/image\\\/\"}}]}<\/script>\n<!-- \/ Yoast SEO plugin. -->","yoast_head_json":{"title":"Nu bleu Mix Media 60 * 70 cm - Rachel art Gallery Tel Aviv","description":"\"Blue Nude\" est une \u0153uvre d'art semi-abstraite repr\u00e9sentant le buste d'une femme en bleu dans une atmosph\u00e8re sensuelle,","robots":{"index":"index","follow":"follow","max-snippet":"max-snippet:-1","max-image-preview":"max-image-preview:large","max-video-preview":"max-video-preview:-1"},"canonical":"https:\/\/www.rachelartlv.com\/fr\/produit\/bleu-nude-mix-media-60-70-cm\/","og_locale":"fr_FR","og_type":"article","og_title":"Blue Nude Mix Media 60 * 70 cm - Rachel art Gallery Tel Aviv","og_description":"\"Blue Nude\" is a semi-abstract artwork depicting the bust of a woman in blue in a sensual atmosphere,","og_url":"https:\/\/www.rachelartlv.com\/fr\/produit\/bleu-nude-mix-media-60-70-cm\/","og_site_name":"Rachel art Gallery Tel Aviv","article_modified_time":"2023-05-21T11:51:32+00:00","og_image":[{"width":1024,"height":1180,"url":"https:\/\/www.rachelartlv.com\/wp-content\/uploads\/2023\/05\/8-BLUE-NUDE-MIX-MEDIA-60-70.jpg","type":"image\/jpeg"}],"twitter_card":"summary_large_image","twitter_misc":{"Dur\u00e9e de lecture estim\u00e9e":"1 minute"},"schema":{"@context":"https:\/\/schema.org","@graph":[{"@type":"WebPage","@id":"https:\/\/www.rachelartlv.com\/product\/blue-nude-mix-media-60-70-cm\/","url":"https:\/\/www.rachelartlv.com\/product\/blue-nude-mix-media-60-70-cm\/","name":"Nu bleu Mix Media 60 * 70 cm - Rachel art Gallery Tel Aviv","isPartOf":{"@id":"https:\/\/www.rachelartlv.com\/#website"},"primaryImageOfPage":{"@id":"https:\/\/www.rachelartlv.com\/product\/blue-nude-mix-media-60-70-cm\/#primaryimage"},"image":{"@id":"https:\/\/www.rachelartlv.com\/product\/blue-nude-mix-media-60-70-cm\/#primaryimage"},"thumbnailUrl":"https:\/\/www.rachelartlv.com\/wp-content\/uploads\/2023\/05\/8-BLUE-NUDE-MIX-MEDIA-60-70.jpg","datePublished":"2023-05-19T10:48:02+00:00","dateModified":"2023-05-21T11:51:32+00:00","description":"\"Blue Nude\" est une \u0153uvre d'art semi-abstraite repr\u00e9sentant le buste d'une femme en bleu dans une atmosph\u00e8re sensuelle,","breadcrumb":{"@id":"https:\/\/www.rachelartlv.com\/product\/blue-nude-mix-media-60-70-cm\/#breadcrumb"},"inLanguage":"fr-FR","potentialAction":[{"@type":"ReadAction","target":["https:\/\/www.rachelartlv.com\/product\/blue-nude-mix-media-60-70-cm\/"]}]},{"@type":"ImageObject","inLanguage":"fr-FR","@id":"https:\/\/www.rachelartlv.com\/product\/blue-nude-mix-media-60-70-cm\/#primaryimage","url":"https:\/\/www.rachelartlv.com\/wp-content\/uploads\/2023\/05\/8-BLUE-NUDE-MIX-MEDIA-60-70.jpg","contentUrl":"https:\/\/www.rachelartlv.com\/wp-content\/uploads\/2023\/05\/8-BLUE-NUDE-MIX-MEDIA-60-70.jpg","width":1024,"height":1180,"caption":"8 BLUE NUDE MIX MEDIA 60 70"},{"@type":"BreadcrumbList","@id":"https:\/\/www.rachelartlv.com\/product\/blue-nude-mix-media-60-70-cm\/#breadcrumb","itemListElement":[{"@type":"ListItem","position":1,"name":"Home","item":"https:\/\/www.rachelartlv.com\/"},{"@type":"ListItem","position":2,"name":"Products","item":"https:\/\/www.rachelartlv.com\/shop\/"},{"@type":"ListItem","position":3,"name":"Blue Nude Mix Media 60 * 70 cm"}]},{"@type":"WebSite","@id":"https:\/\/www.rachelartlv.com\/#website","url":"https:\/\/www.rachelartlv.com\/","name":"Galerie d'art Rachel Tel Aviv","description":"Exprimer mes \u00e9motions par les couleurs","publisher":{"@id":"https:\/\/www.rachelartlv.com\/#organization"},"alternateName":"Martine Rachel OVADIA Tel Aviv","potentialAction":[{"@type":"SearchAction","target":{"@type":"EntryPoint","urlTemplate":"https:\/\/www.rachelartlv.com\/?s={search_term_string}"},"query-input":{"@type":"PropertyValueSpecification","valueRequired":true,"valueName":"search_term_string"}}],"inLanguage":"fr-FR"},{"@type":"Organization","@id":"https:\/\/www.rachelartlv.com\/#organization","name":"Galerie d'art Martine Rachel Ovadia Tel Aviv","alternateName":"Art Gallery Tel Aviv Obadia","url":"https:\/\/www.rachelartlv.com\/","logo":{"@type":"ImageObject","inLanguage":"fr-FR","@id":"https:\/\/www.rachelartlv.com\/#\/schema\/logo\/image\/","url":"https:\/\/www.rachelartlv.com\/wp-content\/uploads\/2023\/01\/\u05e8\u05d7\u05dc-1-1.png","contentUrl":"https:\/\/www.rachelartlv.com\/wp-content\/uploads\/2023\/01\/\u05e8\u05d7\u05dc-1-1.png","width":132,"height":104,"caption":"Martine Rachel Ovadia Art Gallery Tel Aviv"},"image":{"@id":"https:\/\/www.rachelartlv.com\/#\/schema\/logo\/image\/"}}]}},"_links":{"self":[{"href":"https:\/\/www.rachelartlv.com\/fr\/wp-json\/wp\/v2\/product\/1289","targetHints":{"allow":["GET"]}}],"collection":[{"href":"https:\/\/www.rachelartlv.com\/fr\/wp-json\/wp\/v2\/product"}],"about":[{"href":"https:\/\/www.rachelartlv.com\/fr\/wp-json\/wp\/v2\/types\/product"}],"replies":[{"embeddable":true,"href":"https:\/\/www.rachelartlv.com\/fr\/wp-json\/wp\/v2\/comments?post=1289"}],"wp:featuredmedia":[{"embeddable":true,"href":"https:\/\/www.rachelartlv.com\/fr\/wp-json\/wp\/v2\/media\/1291"}],"wp:attachment":[{"href":"https:\/\/www.rachelartlv.com\/fr\/wp-json\/wp\/v2\/media?parent=1289"}],"wp:term":[{"taxonomy":"product_brand","embeddable":true,"href":"https:\/\/www.rachelartlv.com\/fr\/wp-json\/wp\/v2\/product_brand?post=1289"},{"taxonomy":"product_cat","embeddable":true,"href":"https:\/\/www.rachelartlv.com\/fr\/wp-json\/wp\/v2\/product_cat?post=1289"},{"taxonomy":"product_tag","embeddable":true,"href":"https:\/\/www.rachelartlv.com\/fr\/wp-json\/wp\/v2\/product_tag?post=1289"}],"curies":[{"name":"wp","href":"https:\/\/api.w.org\/{rel}","templated":true}]}}