{"id":1267,"date":"2023-05-17T08:25:39","date_gmt":"2023-05-17T08:25:39","guid":{"rendered":"https:\/\/www.rachelartlv.com\/?post_type=product&#038;p=1267"},"modified":"2023-05-21T16:37:04","modified_gmt":"2023-05-21T16:37:04","slug":"roses-de-velours","status":"publish","type":"product","link":"https:\/\/www.rachelartlv.com\/fr\/produit\/roses-de-velours\/","title":{"rendered":"Roses de velours Huile sur toile 80 * 90 cm"},"content":{"rendered":"<p>\" Velvet roses\" est une peinture abstraite monochrome rouge, chaleureuse, r\u00e9confortante et voluptueuse qui exprime l'amour. Le tableau capture parfaitement la passion et la g\u00e9n\u00e9rosit\u00e9 d'un c\u0153ur ouvert gr\u00e2ce \u00e0 une composition artistique ex\u00e9cut\u00e9e de mani\u00e8re experte. Les tons chauds de rouge et de violet cr\u00e9ent une atmosph\u00e8re sensuelle et \u00e9motionnelle, invitant le spectateur \u00e0 s'immerger dans l'ambiance enivrante du tableau. Dans l'ensemble, \"Roses de velours\" est un tableau remarquable qui c\u00e9l\u00e8bre l'amour et la g\u00e9n\u00e9rosit\u00e9 du c\u0153ur, offrant une exp\u00e9rience visuelle inoubliable.<\/p>\n<h3 style=\"font-size: 24px;\">Veuillez noter que l'ensemble du contenu de ce site web est prot\u00e9g\u00e9 par la loi sur les droits d'auteur. L'utilisation non autoris\u00e9e ou la duplication de tout mat\u00e9riel sans l'autorisation expresse et \u00e9crite du propri\u00e9taire est strictement interdite et peut donner lieu \u00e0 des poursuites judiciaires.<\/h3>","protected":false},"excerpt":{"rendered":"<p>\" Velvet roses\" est une peinture abstraite monochrome rouge, chaleureuse, r\u00e9confortante et voluptueuse qui exprime l'amour. Le tableau capture parfaitement la passion et la g\u00e9n\u00e9rosit\u00e9 d'un c\u0153ur ouvert gr\u00e2ce \u00e0 une composition artistique ex\u00e9cut\u00e9e de mani\u00e8re experte. Les tons chauds de rouge et de violet cr\u00e9ent une atmosph\u00e8re sensuelle et \u00e9motionnelle, invitant le spectateur \u00e0 s'immerger dans l'ambiance enivrante du tableau. Dans l'ensemble, \"Roses de velours\" est un tableau remarquable qui c\u00e9l\u00e8bre l'amour et la g\u00e9n\u00e9rosit\u00e9 du c\u0153ur, offrant une exp\u00e9rience visuelle inoubliable.<\/p>","protected":false},"featured_media":1268,"comment_status":"open","ping_status":"closed","template":"","meta":[],"product_brand":[],"product_cat":[20],"product_tag":[],"class_list":{"0":"post-1267","1":"product","2":"type-product","3":"status-publish","4":"has-post-thumbnail","6":"product_cat-painting","8":"first","9":"instock","10":"shipping-taxable","11":"purchasable","12":"product-type-simple"},"yoast_head":"<!-- This site is optimized with the Yoast SEO plugin v27.4 - https:\/\/yoast.com\/product\/yoast-seo-wordpress\/ -->\n<title>Velvet roses Oil on Canvas 80 * 90 cm - Rachel art Gallery Tel Aviv<\/title>\n<meta name=\"description\" content=\"\u201c Velvet roses\u201d is a warm, comforting, and voluptuous monochromatic red abstract painting that expresses love.\" \/>\n<meta name=\"robots\" content=\"index, follow, max-snippet:-1, max-image-preview:large, max-video-preview:-1\" \/>\n<link rel=\"canonical\" href=\"https:\/\/www.rachelartlv.com\/fr\/produit\/roses-de-velours\/\" \/>\n<meta property=\"og:locale\" content=\"fr_FR\" \/>\n<meta property=\"og:type\" content=\"article\" \/>\n<meta property=\"og:title\" content=\"Velvet roses Oil on Canvas 80 * 90 cm - Rachel art Gallery Tel Aviv\" \/>\n<meta property=\"og:description\" content=\"\u201c Velvet roses\u201d is a warm, comforting, and voluptuous monochromatic red abstract painting that expresses love.\" \/>\n<meta property=\"og:url\" content=\"https:\/\/www.rachelartlv.com\/fr\/produit\/roses-de-velours\/\" \/>\n<meta property=\"og:site_name\" content=\"Rachel art Gallery Tel Aviv\" \/>\n<meta property=\"article:modified_time\" content=\"2023-05-21T16:37:04+00:00\" \/>\n<meta property=\"og:image\" content=\"https:\/\/www.rachelartlv.com\/wp-content\/uploads\/2023\/05\/4-VELVET-ROSES-OIL-ON-CANVAS-80-90.jpg\" \/>\n\t<meta property=\"og:image:width\" content=\"1024\" \/>\n\t<meta property=\"og:image:height\" content=\"922\" \/>\n\t<meta property=\"og:image:type\" content=\"image\/jpeg\" \/>\n<meta name=\"twitter:card\" content=\"summary_large_image\" \/>\n<meta name=\"twitter:label1\" content=\"Dur\u00e9e de lecture estim\u00e9e\" \/>\n\t<meta name=\"twitter:data1\" content=\"1 minute\" \/>\n<script type=\"application\/ld+json\" class=\"yoast-schema-graph\">{\"@context\":\"https:\\\/\\\/schema.org\",\"@graph\":[{\"@type\":\"WebPage\",\"@id\":\"https:\\\/\\\/www.rachelartlv.com\\\/product\\\/velvet-roses\\\/\",\"url\":\"https:\\\/\\\/www.rachelartlv.com\\\/product\\\/velvet-roses\\\/\",\"name\":\"Velvet roses Oil on Canvas 80 * 90 cm - Rachel art Gallery Tel Aviv\",\"isPartOf\":{\"@id\":\"https:\\\/\\\/www.rachelartlv.com\\\/#website\"},\"primaryImageOfPage\":{\"@id\":\"https:\\\/\\\/www.rachelartlv.com\\\/product\\\/velvet-roses\\\/#primaryimage\"},\"image\":{\"@id\":\"https:\\\/\\\/www.rachelartlv.com\\\/product\\\/velvet-roses\\\/#primaryimage\"},\"thumbnailUrl\":\"https:\\\/\\\/www.rachelartlv.com\\\/wp-content\\\/uploads\\\/2023\\\/05\\\/4-VELVET-ROSES-OIL-ON-CANVAS-80-90.jpg\",\"datePublished\":\"2023-05-17T08:25:39+00:00\",\"dateModified\":\"2023-05-21T16:37:04+00:00\",\"description\":\"\u201c Velvet roses\u201d is a warm, comforting, and voluptuous monochromatic red abstract painting that expresses love.\",\"breadcrumb\":{\"@id\":\"https:\\\/\\\/www.rachelartlv.com\\\/product\\\/velvet-roses\\\/#breadcrumb\"},\"inLanguage\":\"fr-FR\",\"potentialAction\":[{\"@type\":\"ReadAction\",\"target\":[\"https:\\\/\\\/www.rachelartlv.com\\\/product\\\/velvet-roses\\\/\"]}]},{\"@type\":\"ImageObject\",\"inLanguage\":\"fr-FR\",\"@id\":\"https:\\\/\\\/www.rachelartlv.com\\\/product\\\/velvet-roses\\\/#primaryimage\",\"url\":\"https:\\\/\\\/www.rachelartlv.com\\\/wp-content\\\/uploads\\\/2023\\\/05\\\/4-VELVET-ROSES-OIL-ON-CANVAS-80-90.jpg\",\"contentUrl\":\"https:\\\/\\\/www.rachelartlv.com\\\/wp-content\\\/uploads\\\/2023\\\/05\\\/4-VELVET-ROSES-OIL-ON-CANVAS-80-90.jpg\",\"width\":1024,\"height\":922,\"caption\":\"4 VELVET ROSES OIL ON CANVAS 80 90\"},{\"@type\":\"BreadcrumbList\",\"@id\":\"https:\\\/\\\/www.rachelartlv.com\\\/product\\\/velvet-roses\\\/#breadcrumb\",\"itemListElement\":[{\"@type\":\"ListItem\",\"position\":1,\"name\":\"Home\",\"item\":\"https:\\\/\\\/www.rachelartlv.com\\\/\"},{\"@type\":\"ListItem\",\"position\":2,\"name\":\"Products\",\"item\":\"https:\\\/\\\/www.rachelartlv.com\\\/shop\\\/\"},{\"@type\":\"ListItem\",\"position\":3,\"name\":\"Velvet roses Oil on Canvas 80 * 90 cm\"}]},{\"@type\":\"WebSite\",\"@id\":\"https:\\\/\\\/www.rachelartlv.com\\\/#website\",\"url\":\"https:\\\/\\\/www.rachelartlv.com\\\/\",\"name\":\"Rachel art Gallery Tel Aviv\",\"description\":\"Express my emotions through colors\",\"publisher\":{\"@id\":\"https:\\\/\\\/www.rachelartlv.com\\\/#organization\"},\"alternateName\":\"Martine Rachel OVADIA Tel Aviv\",\"potentialAction\":[{\"@type\":\"SearchAction\",\"target\":{\"@type\":\"EntryPoint\",\"urlTemplate\":\"https:\\\/\\\/www.rachelartlv.com\\\/?s={search_term_string}\"},\"query-input\":{\"@type\":\"PropertyValueSpecification\",\"valueRequired\":true,\"valueName\":\"search_term_string\"}}],\"inLanguage\":\"fr-FR\"},{\"@type\":\"Organization\",\"@id\":\"https:\\\/\\\/www.rachelartlv.com\\\/#organization\",\"name\":\"Martine Rachel Ovadia Art Gallery Tel Aviv\",\"alternateName\":\"Art Gallery Tel Aviv Obadia\",\"url\":\"https:\\\/\\\/www.rachelartlv.com\\\/\",\"logo\":{\"@type\":\"ImageObject\",\"inLanguage\":\"fr-FR\",\"@id\":\"https:\\\/\\\/www.rachelartlv.com\\\/#\\\/schema\\\/logo\\\/image\\\/\",\"url\":\"https:\\\/\\\/www.rachelartlv.com\\\/wp-content\\\/uploads\\\/2023\\\/01\\\/\u05e8\u05d7\u05dc-1-1.png\",\"contentUrl\":\"https:\\\/\\\/www.rachelartlv.com\\\/wp-content\\\/uploads\\\/2023\\\/01\\\/\u05e8\u05d7\u05dc-1-1.png\",\"width\":132,\"height\":104,\"caption\":\"Martine Rachel Ovadia Art Gallery Tel Aviv\"},\"image\":{\"@id\":\"https:\\\/\\\/www.rachelartlv.com\\\/#\\\/schema\\\/logo\\\/image\\\/\"}}]}<\/script>\n<!-- \/ Yoast SEO plugin. -->","yoast_head_json":{"title":"Roses de velours Huile sur toile 80 * 90 cm - Rachel art Gallery Tel Aviv","description":"\" Velvet roses\" est une peinture abstraite monochrome rouge, chaleureuse, r\u00e9confortante et voluptueuse qui exprime l'amour.","robots":{"index":"index","follow":"follow","max-snippet":"max-snippet:-1","max-image-preview":"max-image-preview:large","max-video-preview":"max-video-preview:-1"},"canonical":"https:\/\/www.rachelartlv.com\/fr\/produit\/roses-de-velours\/","og_locale":"fr_FR","og_type":"article","og_title":"Velvet roses Oil on Canvas 80 * 90 cm - Rachel art Gallery Tel Aviv","og_description":"\u201c Velvet roses\u201d is a warm, comforting, and voluptuous monochromatic red abstract painting that expresses love.","og_url":"https:\/\/www.rachelartlv.com\/fr\/produit\/roses-de-velours\/","og_site_name":"Rachel art Gallery Tel Aviv","article_modified_time":"2023-05-21T16:37:04+00:00","og_image":[{"width":1024,"height":922,"url":"https:\/\/www.rachelartlv.com\/wp-content\/uploads\/2023\/05\/4-VELVET-ROSES-OIL-ON-CANVAS-80-90.jpg","type":"image\/jpeg"}],"twitter_card":"summary_large_image","twitter_misc":{"Dur\u00e9e de lecture estim\u00e9e":"1 minute"},"schema":{"@context":"https:\/\/schema.org","@graph":[{"@type":"WebPage","@id":"https:\/\/www.rachelartlv.com\/product\/velvet-roses\/","url":"https:\/\/www.rachelartlv.com\/product\/velvet-roses\/","name":"Roses de velours Huile sur toile 80 * 90 cm - Rachel art Gallery Tel Aviv","isPartOf":{"@id":"https:\/\/www.rachelartlv.com\/#website"},"primaryImageOfPage":{"@id":"https:\/\/www.rachelartlv.com\/product\/velvet-roses\/#primaryimage"},"image":{"@id":"https:\/\/www.rachelartlv.com\/product\/velvet-roses\/#primaryimage"},"thumbnailUrl":"https:\/\/www.rachelartlv.com\/wp-content\/uploads\/2023\/05\/4-VELVET-ROSES-OIL-ON-CANVAS-80-90.jpg","datePublished":"2023-05-17T08:25:39+00:00","dateModified":"2023-05-21T16:37:04+00:00","description":"\" Velvet roses\" est une peinture abstraite monochrome rouge, chaleureuse, r\u00e9confortante et voluptueuse qui exprime l'amour.","breadcrumb":{"@id":"https:\/\/www.rachelartlv.com\/product\/velvet-roses\/#breadcrumb"},"inLanguage":"fr-FR","potentialAction":[{"@type":"ReadAction","target":["https:\/\/www.rachelartlv.com\/product\/velvet-roses\/"]}]},{"@type":"ImageObject","inLanguage":"fr-FR","@id":"https:\/\/www.rachelartlv.com\/product\/velvet-roses\/#primaryimage","url":"https:\/\/www.rachelartlv.com\/wp-content\/uploads\/2023\/05\/4-VELVET-ROSES-OIL-ON-CANVAS-80-90.jpg","contentUrl":"https:\/\/www.rachelartlv.com\/wp-content\/uploads\/2023\/05\/4-VELVET-ROSES-OIL-ON-CANVAS-80-90.jpg","width":1024,"height":922,"caption":"4 VELVET ROSES OIL ON CANVAS 80 90"},{"@type":"BreadcrumbList","@id":"https:\/\/www.rachelartlv.com\/product\/velvet-roses\/#breadcrumb","itemListElement":[{"@type":"ListItem","position":1,"name":"Home","item":"https:\/\/www.rachelartlv.com\/"},{"@type":"ListItem","position":2,"name":"Products","item":"https:\/\/www.rachelartlv.com\/shop\/"},{"@type":"ListItem","position":3,"name":"Velvet roses Oil on Canvas 80 * 90 cm"}]},{"@type":"WebSite","@id":"https:\/\/www.rachelartlv.com\/#website","url":"https:\/\/www.rachelartlv.com\/","name":"Galerie d'art Rachel Tel Aviv","description":"Exprimer mes \u00e9motions par les couleurs","publisher":{"@id":"https:\/\/www.rachelartlv.com\/#organization"},"alternateName":"Martine Rachel OVADIA Tel Aviv","potentialAction":[{"@type":"SearchAction","target":{"@type":"EntryPoint","urlTemplate":"https:\/\/www.rachelartlv.com\/?s={search_term_string}"},"query-input":{"@type":"PropertyValueSpecification","valueRequired":true,"valueName":"search_term_string"}}],"inLanguage":"fr-FR"},{"@type":"Organization","@id":"https:\/\/www.rachelartlv.com\/#organization","name":"Galerie d'art Martine Rachel Ovadia Tel Aviv","alternateName":"Art Gallery Tel Aviv Obadia","url":"https:\/\/www.rachelartlv.com\/","logo":{"@type":"ImageObject","inLanguage":"fr-FR","@id":"https:\/\/www.rachelartlv.com\/#\/schema\/logo\/image\/","url":"https:\/\/www.rachelartlv.com\/wp-content\/uploads\/2023\/01\/\u05e8\u05d7\u05dc-1-1.png","contentUrl":"https:\/\/www.rachelartlv.com\/wp-content\/uploads\/2023\/01\/\u05e8\u05d7\u05dc-1-1.png","width":132,"height":104,"caption":"Martine Rachel Ovadia Art Gallery Tel Aviv"},"image":{"@id":"https:\/\/www.rachelartlv.com\/#\/schema\/logo\/image\/"}}]}},"_links":{"self":[{"href":"https:\/\/www.rachelartlv.com\/fr\/wp-json\/wp\/v2\/product\/1267","targetHints":{"allow":["GET"]}}],"collection":[{"href":"https:\/\/www.rachelartlv.com\/fr\/wp-json\/wp\/v2\/product"}],"about":[{"href":"https:\/\/www.rachelartlv.com\/fr\/wp-json\/wp\/v2\/types\/product"}],"replies":[{"embeddable":true,"href":"https:\/\/www.rachelartlv.com\/fr\/wp-json\/wp\/v2\/comments?post=1267"}],"wp:featuredmedia":[{"embeddable":true,"href":"https:\/\/www.rachelartlv.com\/fr\/wp-json\/wp\/v2\/media\/1268"}],"wp:attachment":[{"href":"https:\/\/www.rachelartlv.com\/fr\/wp-json\/wp\/v2\/media?parent=1267"}],"wp:term":[{"taxonomy":"product_brand","embeddable":true,"href":"https:\/\/www.rachelartlv.com\/fr\/wp-json\/wp\/v2\/product_brand?post=1267"},{"taxonomy":"product_cat","embeddable":true,"href":"https:\/\/www.rachelartlv.com\/fr\/wp-json\/wp\/v2\/product_cat?post=1267"},{"taxonomy":"product_tag","embeddable":true,"href":"https:\/\/www.rachelartlv.com\/fr\/wp-json\/wp\/v2\/product_tag?post=1267"}],"curies":[{"name":"wp","href":"https:\/\/api.w.org\/{rel}","templated":true}]}}