{"id":639,"date":"2023-02-24T12:34:34","date_gmt":"2023-02-24T12:34:34","guid":{"rendered":"https:\/\/www.rachelartlv.com\/?page_id=639"},"modified":"2023-05-04T07:49:56","modified_gmt":"2023-05-04T07:49:56","slug":"exposition","status":"publish","type":"page","link":"https:\/\/www.rachelartlv.com\/fr\/exposition\/","title":{"rendered":"Exposition"},"content":{"rendered":"<div data-elementor-type=\"wp-page\" data-elementor-id=\"639\" class=\"elementor elementor-639\" data-elementor-post-type=\"page\">\n\t\t\t\t\t\t<section class=\"elementor-section elementor-top-section elementor-element elementor-element-aceca83 elementor-section-boxed elementor-section-height-default elementor-section-height-default\" data-id=\"aceca83\" data-element_type=\"section\" data-e-type=\"section\">\n\t\t\t\t\t\t<div class=\"elementor-container elementor-column-gap-default\">\n\t\t\t\t\t<div class=\"elementor-column elementor-col-100 elementor-top-column elementor-element elementor-element-b4b1373\" data-id=\"b4b1373\" data-element_type=\"column\" data-e-type=\"column\">\n\t\t\t<div class=\"elementor-widget-wrap elementor-element-populated\">\n\t\t\t\t\t\t<div class=\"elementor-element elementor-element-4d30cdb elementor-widget elementor-widget-image\" data-id=\"4d30cdb\" data-element_type=\"widget\" data-e-type=\"widget\" data-widget_type=\"image.default\">\n\t\t\t\t<div class=\"elementor-widget-container\">\n\t\t\t\t\t\t\t\t\t\t\t\t\t\t\t<img fetchpriority=\"high\" decoding=\"async\" width=\"800\" height=\"566\" src=\"https:\/\/www.rachelartlv.com\/wp-content\/uploads\/2023\/02\/vernissage-\u05e8\u05d7\u05dc-Art-Gallery-5-1024x724.png\" class=\"attachment-large size-large wp-image-640\" alt=\"Exposition tel aviv martine rachel obadia art\" srcset=\"https:\/\/www.rachelartlv.com\/wp-content\/uploads\/2023\/02\/vernissage-\u05e8\u05d7\u05dc-Art-Gallery-5-1024x724.png 1024w, https:\/\/www.rachelartlv.com\/wp-content\/uploads\/2023\/02\/vernissage-\u05e8\u05d7\u05dc-Art-Gallery-5-600x424.png 600w, https:\/\/www.rachelartlv.com\/wp-content\/uploads\/2023\/02\/vernissage-\u05e8\u05d7\u05dc-Art-Gallery-5-300x212.png 300w, https:\/\/www.rachelartlv.com\/wp-content\/uploads\/2023\/02\/vernissage-\u05e8\u05d7\u05dc-Art-Gallery-5-768x543.png 768w, https:\/\/www.rachelartlv.com\/wp-content\/uploads\/2023\/02\/vernissage-\u05e8\u05d7\u05dc-Art-Gallery-5-1536x1086.png 1536w, https:\/\/www.rachelartlv.com\/wp-content\/uploads\/2023\/02\/vernissage-\u05e8\u05d7\u05dc-Art-Gallery-5.png 2000w\" sizes=\"(max-width: 800px) 100vw, 800px\" \/>\t\t\t\t\t\t\t\t\t\t\t\t\t\t\t<\/div>\n\t\t\t\t<\/div>\n\t\t\t\t<div class=\"elementor-element elementor-element-ac92e5b elementor-widget elementor-widget-text-editor\" data-id=\"ac92e5b\" data-element_type=\"widget\" data-e-type=\"widget\" data-widget_type=\"text-editor.default\">\n\t\t\t\t<div class=\"elementor-widget-container\">\n\t\t\t\t\t\t\t\t\t<p>Vous \u00eates cordialement invit\u00e9s \u00e0 nous rejoindre dans notre galerie d'art situ\u00e9e \u00e0 Nachalat Benyamin 8, Tel Aviv, le dimanche 26 f\u00e9vrier pour une exposition exclusive pr\u00e9sentant les magnifiques \u0153uvres d'art de Martine Rachel Ovadia.<\/p><p>Le travail de Martine Rachel Ovadia a captiv\u00e9 le public du monde entier par son approche unique de l'art contemporain. Cette exposition offre une occasion rare de voir ses \u0153uvres de pr\u00e8s et de rencontrer l'artiste elle-m\u00eame.<\/p><p>Nous servirons du vin et du fromage pendant toute la dur\u00e9e de l'\u00e9v\u00e9nement, ce qui constituera une ambiance id\u00e9ale pour passer la soir\u00e9e avec d'autres amateurs d'art.<\/p><p>Ne manquez pas cette incroyable opportunit\u00e9 de d\u00e9couvrir l'art de Martine Rachel Ovadia et de profiter d'une d\u00e9licieuse soir\u00e9e avec nous. RSVP aujourd'hui pour garantir votre place \u00e0 l'exposition. Nous vous attendons avec impatience !<\/p>\t\t\t\t\t\t\t\t<\/div>\n\t\t\t\t<\/div>\n\t\t\t\t\t<\/div>\n\t\t<\/div>\n\t\t\t\t\t<\/div>\n\t\t<\/section>\n\t\t\t\t<\/div>","protected":false},"excerpt":{"rendered":"<p>You are cordially invited to join us at our art gallery located at Nachalat Benyamin 8, Tel Aviv on Sunday, February 26th for an exclusive exhibition featuring the stunning artwork of Martine Rachel Ovadia. Martine Rachel Ovadia&#8217;s work has captivated audiences across the world with her unique approach to contemporary art. This exhibition offers a [&hellip;]<\/p>\n","protected":false},"author":1,"featured_media":640,"parent":0,"menu_order":0,"comment_status":"closed","ping_status":"closed","template":"elementor_header_footer","meta":{"footnotes":""},"class_list":["post-639","page","type-page","status-publish","has-post-thumbnail","hentry"],"yoast_head":"<!-- This site is optimized with the Yoast SEO plugin v27.4 - https:\/\/yoast.com\/product\/yoast-seo-wordpress\/ -->\n<title>Exhibition - Rachel art Gallery Tel Aviv<\/title>\n<meta name=\"robots\" content=\"index, follow, max-snippet:-1, max-image-preview:large, max-video-preview:-1\" \/>\n<link rel=\"canonical\" href=\"https:\/\/www.rachelartlv.com\/fr\/exposition\/\" \/>\n<meta property=\"og:locale\" content=\"fr_FR\" \/>\n<meta property=\"og:type\" content=\"article\" \/>\n<meta property=\"og:title\" content=\"Exhibition - Rachel art Gallery Tel Aviv\" \/>\n<meta property=\"og:description\" content=\"You are cordially invited to join us at our art gallery located at Nachalat Benyamin 8, Tel Aviv on Sunday, February 26th for an exclusive exhibition featuring the stunning artwork of Martine Rachel Ovadia. Martine Rachel Ovadia&#8217;s work has captivated audiences across the world with her unique approach to contemporary art. This exhibition offers a [&hellip;]\" \/>\n<meta property=\"og:url\" content=\"https:\/\/www.rachelartlv.com\/fr\/exposition\/\" \/>\n<meta property=\"og:site_name\" content=\"Rachel art Gallery Tel Aviv\" \/>\n<meta property=\"article:modified_time\" content=\"2023-05-04T07:49:56+00:00\" \/>\n<meta property=\"og:image\" content=\"https:\/\/www.rachelartlv.com\/wp-content\/uploads\/2023\/02\/vernissage-\u05e8\u05d7\u05dc-Art-Gallery-5.png\" \/>\n\t<meta property=\"og:image:width\" content=\"2000\" \/>\n\t<meta property=\"og:image:height\" content=\"1414\" \/>\n\t<meta property=\"og:image:type\" content=\"image\/png\" \/>\n<meta name=\"twitter:card\" content=\"summary_large_image\" \/>\n<meta name=\"twitter:label1\" content=\"Dur\u00e9e de lecture estim\u00e9e\" \/>\n\t<meta name=\"twitter:data1\" content=\"1 minute\" \/>\n<script type=\"application\/ld+json\" class=\"yoast-schema-graph\">{\"@context\":\"https:\\\/\\\/schema.org\",\"@graph\":[{\"@type\":\"WebPage\",\"@id\":\"https:\\\/\\\/www.rachelartlv.com\\\/exhibition\\\/\",\"url\":\"https:\\\/\\\/www.rachelartlv.com\\\/exhibition\\\/\",\"name\":\"Exhibition - Rachel art Gallery Tel Aviv\",\"isPartOf\":{\"@id\":\"https:\\\/\\\/www.rachelartlv.com\\\/#website\"},\"primaryImageOfPage\":{\"@id\":\"https:\\\/\\\/www.rachelartlv.com\\\/exhibition\\\/#primaryimage\"},\"image\":{\"@id\":\"https:\\\/\\\/www.rachelartlv.com\\\/exhibition\\\/#primaryimage\"},\"thumbnailUrl\":\"https:\\\/\\\/www.rachelartlv.com\\\/wp-content\\\/uploads\\\/2023\\\/02\\\/vernissage-\u05e8\u05d7\u05dc-Art-Gallery-5.png\",\"datePublished\":\"2023-02-24T12:34:34+00:00\",\"dateModified\":\"2023-05-04T07:49:56+00:00\",\"breadcrumb\":{\"@id\":\"https:\\\/\\\/www.rachelartlv.com\\\/exhibition\\\/#breadcrumb\"},\"inLanguage\":\"fr-FR\",\"potentialAction\":[{\"@type\":\"ReadAction\",\"target\":[\"https:\\\/\\\/www.rachelartlv.com\\\/exhibition\\\/\"]}]},{\"@type\":\"ImageObject\",\"inLanguage\":\"fr-FR\",\"@id\":\"https:\\\/\\\/www.rachelartlv.com\\\/exhibition\\\/#primaryimage\",\"url\":\"https:\\\/\\\/www.rachelartlv.com\\\/wp-content\\\/uploads\\\/2023\\\/02\\\/vernissage-\u05e8\u05d7\u05dc-Art-Gallery-5.png\",\"contentUrl\":\"https:\\\/\\\/www.rachelartlv.com\\\/wp-content\\\/uploads\\\/2023\\\/02\\\/vernissage-\u05e8\u05d7\u05dc-Art-Gallery-5.png\",\"width\":2000,\"height\":1414,\"caption\":\"Exhibition tel aviv martine rachel obadia art\"},{\"@type\":\"BreadcrumbList\",\"@id\":\"https:\\\/\\\/www.rachelartlv.com\\\/exhibition\\\/#breadcrumb\",\"itemListElement\":[{\"@type\":\"ListItem\",\"position\":1,\"name\":\"Home\",\"item\":\"https:\\\/\\\/www.rachelartlv.com\\\/\"},{\"@type\":\"ListItem\",\"position\":2,\"name\":\"Exhibition\"}]},{\"@type\":\"WebSite\",\"@id\":\"https:\\\/\\\/www.rachelartlv.com\\\/#website\",\"url\":\"https:\\\/\\\/www.rachelartlv.com\\\/\",\"name\":\"Rachel art Gallery Tel Aviv\",\"description\":\"Express my emotions through colors\",\"publisher\":{\"@id\":\"https:\\\/\\\/www.rachelartlv.com\\\/#organization\"},\"alternateName\":\"Martine Rachel OVADIA Tel Aviv\",\"potentialAction\":[{\"@type\":\"SearchAction\",\"target\":{\"@type\":\"EntryPoint\",\"urlTemplate\":\"https:\\\/\\\/www.rachelartlv.com\\\/?s={search_term_string}\"},\"query-input\":{\"@type\":\"PropertyValueSpecification\",\"valueRequired\":true,\"valueName\":\"search_term_string\"}}],\"inLanguage\":\"fr-FR\"},{\"@type\":\"Organization\",\"@id\":\"https:\\\/\\\/www.rachelartlv.com\\\/#organization\",\"name\":\"Martine Rachel Ovadia Art Gallery Tel Aviv\",\"alternateName\":\"Art Gallery Tel Aviv Obadia\",\"url\":\"https:\\\/\\\/www.rachelartlv.com\\\/\",\"logo\":{\"@type\":\"ImageObject\",\"inLanguage\":\"fr-FR\",\"@id\":\"https:\\\/\\\/www.rachelartlv.com\\\/#\\\/schema\\\/logo\\\/image\\\/\",\"url\":\"https:\\\/\\\/www.rachelartlv.com\\\/wp-content\\\/uploads\\\/2023\\\/01\\\/\u05e8\u05d7\u05dc-1-1.png\",\"contentUrl\":\"https:\\\/\\\/www.rachelartlv.com\\\/wp-content\\\/uploads\\\/2023\\\/01\\\/\u05e8\u05d7\u05dc-1-1.png\",\"width\":132,\"height\":104,\"caption\":\"Martine Rachel Ovadia Art Gallery Tel Aviv\"},\"image\":{\"@id\":\"https:\\\/\\\/www.rachelartlv.com\\\/#\\\/schema\\\/logo\\\/image\\\/\"}}]}<\/script>\n<!-- \/ Yoast SEO plugin. -->","yoast_head_json":{"title":"Exposition - Galerie d'art Rachel Tel Aviv","robots":{"index":"index","follow":"follow","max-snippet":"max-snippet:-1","max-image-preview":"max-image-preview:large","max-video-preview":"max-video-preview:-1"},"canonical":"https:\/\/www.rachelartlv.com\/fr\/exposition\/","og_locale":"fr_FR","og_type":"article","og_title":"Exhibition - Rachel art Gallery Tel Aviv","og_description":"You are cordially invited to join us at our art gallery located at Nachalat Benyamin 8, Tel Aviv on Sunday, February 26th for an exclusive exhibition featuring the stunning artwork of Martine Rachel Ovadia. Martine Rachel Ovadia&#8217;s work has captivated audiences across the world with her unique approach to contemporary art. This exhibition offers a [&hellip;]","og_url":"https:\/\/www.rachelartlv.com\/fr\/exposition\/","og_site_name":"Rachel art Gallery Tel Aviv","article_modified_time":"2023-05-04T07:49:56+00:00","og_image":[{"width":2000,"height":1414,"url":"https:\/\/www.rachelartlv.com\/wp-content\/uploads\/2023\/02\/vernissage-\u05e8\u05d7\u05dc-Art-Gallery-5.png","type":"image\/png"}],"twitter_card":"summary_large_image","twitter_misc":{"Dur\u00e9e de lecture estim\u00e9e":"1 minute"},"schema":{"@context":"https:\/\/schema.org","@graph":[{"@type":"WebPage","@id":"https:\/\/www.rachelartlv.com\/exhibition\/","url":"https:\/\/www.rachelartlv.com\/exhibition\/","name":"Exposition - Galerie d'art Rachel Tel Aviv","isPartOf":{"@id":"https:\/\/www.rachelartlv.com\/#website"},"primaryImageOfPage":{"@id":"https:\/\/www.rachelartlv.com\/exhibition\/#primaryimage"},"image":{"@id":"https:\/\/www.rachelartlv.com\/exhibition\/#primaryimage"},"thumbnailUrl":"https:\/\/www.rachelartlv.com\/wp-content\/uploads\/2023\/02\/vernissage-\u05e8\u05d7\u05dc-Art-Gallery-5.png","datePublished":"2023-02-24T12:34:34+00:00","dateModified":"2023-05-04T07:49:56+00:00","breadcrumb":{"@id":"https:\/\/www.rachelartlv.com\/exhibition\/#breadcrumb"},"inLanguage":"fr-FR","potentialAction":[{"@type":"ReadAction","target":["https:\/\/www.rachelartlv.com\/exhibition\/"]}]},{"@type":"ImageObject","inLanguage":"fr-FR","@id":"https:\/\/www.rachelartlv.com\/exhibition\/#primaryimage","url":"https:\/\/www.rachelartlv.com\/wp-content\/uploads\/2023\/02\/vernissage-\u05e8\u05d7\u05dc-Art-Gallery-5.png","contentUrl":"https:\/\/www.rachelartlv.com\/wp-content\/uploads\/2023\/02\/vernissage-\u05e8\u05d7\u05dc-Art-Gallery-5.png","width":2000,"height":1414,"caption":"Exhibition tel aviv martine rachel obadia art"},{"@type":"BreadcrumbList","@id":"https:\/\/www.rachelartlv.com\/exhibition\/#breadcrumb","itemListElement":[{"@type":"ListItem","position":1,"name":"Home","item":"https:\/\/www.rachelartlv.com\/"},{"@type":"ListItem","position":2,"name":"Exhibition"}]},{"@type":"WebSite","@id":"https:\/\/www.rachelartlv.com\/#website","url":"https:\/\/www.rachelartlv.com\/","name":"Galerie d'art Rachel Tel Aviv","description":"Exprimer mes \u00e9motions par les couleurs","publisher":{"@id":"https:\/\/www.rachelartlv.com\/#organization"},"alternateName":"Martine Rachel OVADIA Tel Aviv","potentialAction":[{"@type":"SearchAction","target":{"@type":"EntryPoint","urlTemplate":"https:\/\/www.rachelartlv.com\/?s={search_term_string}"},"query-input":{"@type":"PropertyValueSpecification","valueRequired":true,"valueName":"search_term_string"}}],"inLanguage":"fr-FR"},{"@type":"Organization","@id":"https:\/\/www.rachelartlv.com\/#organization","name":"Galerie d'art Martine Rachel Ovadia Tel Aviv","alternateName":"Art Gallery Tel Aviv Obadia","url":"https:\/\/www.rachelartlv.com\/","logo":{"@type":"ImageObject","inLanguage":"fr-FR","@id":"https:\/\/www.rachelartlv.com\/#\/schema\/logo\/image\/","url":"https:\/\/www.rachelartlv.com\/wp-content\/uploads\/2023\/01\/\u05e8\u05d7\u05dc-1-1.png","contentUrl":"https:\/\/www.rachelartlv.com\/wp-content\/uploads\/2023\/01\/\u05e8\u05d7\u05dc-1-1.png","width":132,"height":104,"caption":"Martine Rachel Ovadia Art Gallery Tel Aviv"},"image":{"@id":"https:\/\/www.rachelartlv.com\/#\/schema\/logo\/image\/"}}]}},"_links":{"self":[{"href":"https:\/\/www.rachelartlv.com\/fr\/wp-json\/wp\/v2\/pages\/639","targetHints":{"allow":["GET"]}}],"collection":[{"href":"https:\/\/www.rachelartlv.com\/fr\/wp-json\/wp\/v2\/pages"}],"about":[{"href":"https:\/\/www.rachelartlv.com\/fr\/wp-json\/wp\/v2\/types\/page"}],"author":[{"embeddable":true,"href":"https:\/\/www.rachelartlv.com\/fr\/wp-json\/wp\/v2\/users\/1"}],"replies":[{"embeddable":true,"href":"https:\/\/www.rachelartlv.com\/fr\/wp-json\/wp\/v2\/comments?post=639"}],"version-history":[{"count":5,"href":"https:\/\/www.rachelartlv.com\/fr\/wp-json\/wp\/v2\/pages\/639\/revisions"}],"predecessor-version":[{"id":652,"href":"https:\/\/www.rachelartlv.com\/fr\/wp-json\/wp\/v2\/pages\/639\/revisions\/652"}],"wp:featuredmedia":[{"embeddable":true,"href":"https:\/\/www.rachelartlv.com\/fr\/wp-json\/wp\/v2\/media\/640"}],"wp:attachment":[{"href":"https:\/\/www.rachelartlv.com\/fr\/wp-json\/wp\/v2\/media?parent=639"}],"curies":[{"name":"wp","href":"https:\/\/api.w.org\/{rel}","templated":true}]}}